{"id":20026,"date":"2023-10-29T11:36:34","date_gmt":"2023-10-29T10:36:34","guid":{"rendered":"https:\/\/www.motocultor-festival.com\/?page_id=20026"},"modified":"2026-04-08T16:50:48","modified_gmt":"2026-04-08T14:50:48","slug":"presse","status":"publish","type":"page","link":"https:\/\/www.motocultor-festival.com\/en_en\/presse\/","title":{"rendered":"Presse"},"content":{"rendered":"<div data-elementor-type=\"wp-page\" data-elementor-id=\"20026\" class=\"elementor elementor-20026\" data-elementor-post-type=\"page\">\n\t\t\t\t\t\t<section class=\"elementor-section elementor-top-section elementor-element elementor-element-ec2adac elementor-section-boxed elementor-section-height-default elementor-section-height-default\" data-id=\"ec2adac\" data-element_type=\"section\">\n\t\t\t\t\t\t<div class=\"elementor-container elementor-column-gap-default\">\n\t\t\t\t\t<div class=\"elementor-column elementor-col-100 elementor-top-column elementor-element elementor-element-318e800\" data-id=\"318e800\" data-element_type=\"column\">\n\t\t\t<div class=\"elementor-widget-wrap elementor-element-populated\">\n\t\t\t\t\t\t<div class=\"elementor-element elementor-element-1c8a1e2 elementor-widget elementor-widget-spacer\" data-id=\"1c8a1e2\" data-element_type=\"widget\" data-widget_type=\"spacer.default\">\n\t\t\t\t<div class=\"elementor-widget-container\">\n\t\t\t\t\t\t\t<div class=\"elementor-spacer\">\n\t\t\t<div class=\"elementor-spacer-inner\"><\/div>\n\t\t<\/div>\n\t\t\t\t\t\t<\/div>\n\t\t\t\t<\/div>\n\t\t\t\t<div class=\"elementor-element elementor-element-e17e712 acenter elementor-widget elementor-widget-wgl-double-heading\" data-id=\"e17e712\" data-element_type=\"widget\" data-widget_type=\"wgl-double-heading.default\">\n\t\t\t\t<div class=\"elementor-widget-container\">\n\t\t\t\t\t<div class=\"wgl-double-heading\"><h3 class=\"dblh__title-wrapper\"><span class=\"dblh__title dblh__title-1\">Demande d'accr\u00e9ditation<\/span><\/h3><\/div>\t\t\t\t<\/div>\n\t\t\t\t<\/div>\n\t\t\t\t<div class=\"elementor-element elementor-element-f2126f5 elementor-widget-divider--view-line elementor-widget elementor-widget-divider\" data-id=\"f2126f5\" data-element_type=\"widget\" data-widget_type=\"divider.default\">\n\t\t\t\t<div class=\"elementor-widget-container\">\n\t\t\t\t\t\t\t<div class=\"elementor-divider\">\n\t\t\t<span class=\"elementor-divider-separator\">\n\t\t\t\t\t\t<\/span>\n\t\t<\/div>\n\t\t\t\t\t\t<\/div>\n\t\t\t\t<\/div>\n\t\t\t\t<div class=\"elementor-element elementor-element-cdc3c6c elementor-hidden-desktop elementor-hidden-laptop elementor-hidden-tablet elementor-hidden-mobile elementor-widget elementor-widget-text-editor\" data-id=\"cdc3c6c\" data-element_type=\"widget\" data-widget_type=\"text-editor.default\">\n\t\t\t\t<div class=\"elementor-widget-container\">\n\t\t\t\t\t\t\t\t\t<p><span>Les demandes d&#8217;accr\u00e9ditation sont d\u00e9sormais ferm\u00e9es<\/span><\/p>\t\t\t\t\t\t\t\t<\/div>\n\t\t\t\t<\/div>\n\t\t\t\t<div class=\"elementor-element elementor-element-5dce3ca elementor-widget elementor-widget-text-editor\" data-id=\"5dce3ca\" data-element_type=\"widget\" data-widget_type=\"text-editor.default\">\n\t\t\t\t<div class=\"elementor-widget-container\">\n\t\t\t\t\t\t\t\t\tCe formulaire est \u00e0 destination des journalistes et photographes attach\u00e9s \u00e0 des medias afin de nous faire parvenir vos demandes d&#39;accr\u00e9ditation. Merci de remplir tous les champs ci-dessous. Nous \u00e9tudierons votre demande avec attention. Les premi\u00e8res confirmations seront envoy\u00e9es au mois de mai \/ juin 2026. Merci de noter que le festival dispose d&#39;un nombre limit\u00e9 d&#39;accr\u00e9ditations et que chacune d&#8217;entres elles doivent \u00eatre justifi\u00e9e d&#39;un projet \u00e9ditorial s\u00e9rieux, qui sera publi\u00e9 dans un d\u00e9lai raisonnable \u00e0 la suite de l&#39;\u00e9v\u00e8nement.\t\t\t\t\t\t\t\t<\/div>\n\t\t\t\t<\/div>\n\t\t\t\t<div class=\"elementor-element elementor-element-5717a66 aleft elementor-widget elementor-widget-wgl-contact-form-7\" data-id=\"5717a66\" data-element_type=\"widget\" data-widget_type=\"wgl-contact-form-7.default\">\n\t\t\t\t<div class=\"elementor-widget-container\">\n\t\t\t\t\t<div class=\"wgl-contact-form-7\">\n<div class=\"wpcf7 no-js\" id=\"wpcf7-f20157-o1\" lang=\"fr-FR\" dir=\"ltr\" data-wpcf7-id=\"20157\">\n<div class=\"screen-reader-response\"><p role=\"status\" aria-live=\"polite\" aria-atomic=\"true\"><\/p> <ul><\/ul><\/div>\n<form action=\"\/en_en\/wp-json\/wp\/v2\/pages\/20026#wpcf7-f20157-o1\" method=\"post\" class=\"wpcf7-form init\" aria-label=\"Contact form\" novalidate=\"novalidate\" data-status=\"init\" data-trp-original-action=\"\/en_en\/wp-json\/wp\/v2\/pages\/20026#wpcf7-f20157-o1\">\n<fieldset class=\"hidden-fields-container\"><input type=\"hidden\" name=\"_wpcf7\" value=\"20157\" \/><input type=\"hidden\" name=\"_wpcf7_version\" value=\"6.1.5\" \/><input type=\"hidden\" name=\"_wpcf7_locale\" value=\"fr_FR\" \/><input type=\"hidden\" name=\"_wpcf7_unit_tag\" value=\"wpcf7-f20157-o1\" \/><input type=\"hidden\" name=\"_wpcf7_container_post\" value=\"0\" \/><input type=\"hidden\" name=\"_wpcf7_posted_data_hash\" value=\"\" \/>\n<\/fieldset>\n<label> Nom du m\u00e9dia\n    <span class=\"wpcf7-form-control-wrap\" data-name=\"media-name\"><input size=\"40\" maxlength=\"400\" class=\"wpcf7-form-control wpcf7-text wpcf7-validates-as-required\" aria-required=\"true\" aria-invalid=\"false\" value=\"\" type=\"text\" name=\"media-name\" \/><\/span> <\/label>\n\n<label> Lien vers le m\u00e9dia\n    <span class=\"wpcf7-form-control-wrap\" data-name=\"media-link\"><input size=\"40\" maxlength=\"400\" class=\"wpcf7-form-control wpcf7-url wpcf7-validates-as-required wpcf7-text wpcf7-validates-as-url\" aria-required=\"true\" aria-invalid=\"false\" value=\"\" type=\"url\" name=\"media-link\" \/><\/span> <\/label>\n\n<label> Audience \/ mois du m\u00e9dia\n    <span class=\"wpcf7-form-control-wrap\" data-name=\"media-audience\"><input size=\"40\" maxlength=\"400\" class=\"wpcf7-form-control wpcf7-text wpcf7-validates-as-required\" aria-required=\"true\" aria-invalid=\"false\" value=\"\" type=\"text\" name=\"media-audience\" \/><\/span> <\/label>\n\n<label> Nom\n    <span class=\"wpcf7-form-control-wrap\" data-name=\"lastname\"><input size=\"40\" maxlength=\"400\" class=\"wpcf7-form-control wpcf7-text wpcf7-validates-as-required\" aria-required=\"true\" aria-invalid=\"false\" value=\"\" type=\"text\" name=\"lastname\" \/><\/span> <\/label>\n\n<label> Pr\u00e9nom\n    <span class=\"wpcf7-form-control-wrap\" data-name=\"firstname\"><input size=\"40\" maxlength=\"400\" class=\"wpcf7-form-control wpcf7-text wpcf7-validates-as-required\" aria-required=\"true\" aria-invalid=\"false\" value=\"\" type=\"text\" name=\"firstname\" \/><\/span> <\/label>\n\n<label> Email\n    <span class=\"wpcf7-form-control-wrap\" data-name=\"email\"><input size=\"40\" maxlength=\"400\" class=\"wpcf7-form-control wpcf7-email wpcf7-validates-as-required wpcf7-text wpcf7-validates-as-email\" aria-required=\"true\" aria-invalid=\"false\" value=\"\" type=\"email\" name=\"email\" \/><\/span> <\/label>\n\n<label> T\u00e9l\u00e9phone\n<span class=\"wpcf7-form-control-wrap\" data-name=\"phone\"><input size=\"40\" maxlength=\"400\" class=\"wpcf7-form-control wpcf7-tel wpcf7-validates-as-required wpcf7-text wpcf7-validates-as-tel\" aria-required=\"true\" aria-invalid=\"false\" value=\"\" type=\"tel\" name=\"phone\" \/><\/span> <\/label>\n\n<div class=\"form\">\n<label for=\"pass-photo\">Pass photo<\/label>\n<span class=\"wpcf7-form-control-wrap\" data-name=\"pass-photo\"><span class=\"wpcf7-form-control wpcf7-radio\"><span class=\"wpcf7-list-item first\"><label><input type=\"radio\" name=\"pass-photo\" value=\"oui\" \/><span class=\"wpcf7-list-item-label\">oui<\/span><\/label><\/span><span class=\"wpcf7-list-item last\"><label><input type=\"radio\" name=\"pass-photo\" value=\"non\" \/><span class=\"wpcf7-list-item-label\">non<\/span><\/label><\/span><\/span><\/span>\n<br \/>\n<\/div>\n\n<div class=\"form\">\n<label for=\"days\">Jours de pr\u00e9sence<\/label>\n<span class=\"wpcf7-form-control-wrap\" data-name=\"days\"><span class=\"wpcf7-form-control wpcf7-checkbox wpcf7-validates-as-required\"><span class=\"wpcf7-list-item first\"><label><input type=\"checkbox\" name=\"days[]\" value=\"13\/08\" \/><span class=\"wpcf7-list-item-label\">13\/08<\/span><\/label><\/span><span class=\"wpcf7-list-item\"><label><input type=\"checkbox\" name=\"days[]\" value=\"14\/08\" \/><span class=\"wpcf7-list-item-label\">14\/08<\/span><\/label><\/span><span class=\"wpcf7-list-item\"><label><input type=\"checkbox\" name=\"days[]\" value=\"15\/08\" \/><span class=\"wpcf7-list-item-label\">15\/08<\/span><\/label><\/span><span class=\"wpcf7-list-item last\"><label><input type=\"checkbox\" name=\"days[]\" value=\"16\/08\" \/><span class=\"wpcf7-list-item-label\">16\/08<\/span><\/label><\/span><\/span><\/span>\n<br \/>\n<\/div>\n\n<label> Projet \u00e9ditorial\n    <span class=\"wpcf7-form-control-wrap\" data-name=\"project\"><textarea cols=\"40\" rows=\"10\" maxlength=\"2000\" class=\"wpcf7-form-control wpcf7-textarea wpcf7-validates-as-required\" aria-required=\"true\" aria-invalid=\"false\" name=\"project\"><\/textarea><\/span> <\/label>\n\n<label> Liens articles \u00e9dition 2025\n    <span class=\"wpcf7-form-control-wrap\" data-name=\"article-links\"><textarea cols=\"40\" rows=\"10\" maxlength=\"2000\" class=\"wpcf7-form-control wpcf7-textarea\" aria-invalid=\"false\" name=\"article-links\"><\/textarea><\/span> <\/label>\n\n<label> Demande d'interviews\n    <span class=\"wpcf7-form-control-wrap\" data-name=\"interview-request\"><textarea cols=\"40\" rows=\"10\" maxlength=\"2000\" class=\"wpcf7-form-control wpcf7-textarea wpcf7-validates-as-required\" aria-required=\"true\" aria-invalid=\"false\" name=\"interview-request\"><\/textarea><\/span> <\/label>\n\n<input class=\"wpcf7-form-control wpcf7-submit has-spinner\" type=\"submit\" value=\"Envoyer\" \/><div class=\"wpcf7-response-output\" aria-hidden=\"true\"><\/div>\n<input type=\"hidden\" name=\"trp-form-language\" value=\"en_en\"\/><\/form>\n<\/div>\n<\/div>\t\t\t\t<\/div>\n\t\t\t\t<\/div>\n\t\t\t\t\t<\/div>\n\t\t<\/div>\n\t\t\t\t\t<\/div>\n\t\t<\/section>\n\t\t\t\t<\/div>","protected":false},"excerpt":{"rendered":"<p>Demande d&#8217;accr\u00e9ditation Les demandes d&#8217;accr\u00e9ditation sont d\u00e9sormais ferm\u00e9es Ce formulaire est \u00e0 destination des journalistes et photographes attach\u00e9s \u00e0 des medias afin de nous faire parvenir vos demandes d&#39;accr\u00e9ditation. Merci de remplir tous les champs ci-dessous. Nous \u00e9tudierons votre demande avec attention. Les premi\u00e8res confirmations seront envoy\u00e9es au mois de mai \/ juin 2026. Merci [&hellip;]<\/p>\n","protected":false},"author":1,"featured_media":0,"parent":0,"menu_order":0,"comment_status":"closed","ping_status":"closed","template":"","meta":{"footnotes":""},"class_list":["post-20026","page","type-page","status-publish","hentry"],"yoast_head":"<!-- This site is optimized with the Yoast SEO Premium plugin v20.11 (Yoast SEO v27.0) - https:\/\/yoast.com\/product\/yoast-seo-premium-wordpress\/ -->\n<title>Presse - Festival Motocultor<\/title>\n<meta name=\"description\" content=\"Organis\u00e9 par l\u2019association Motocultor Fest Prod du 13 au 16 Ao\u00fbt 2026 - Carhaix (29) - 4 jours - 4 Sc\u00e8nes, plus de 110 groupes de m\u00e9tal rock\" \/>\n<meta name=\"robots\" content=\"index, follow, max-snippet:-1, max-image-preview:large, max-video-preview:-1\" \/>\n<link rel=\"canonical\" href=\"https:\/\/www.motocultor-festival.com\/en_en\/presse\/\" \/>\n<meta property=\"og:locale\" content=\"en_GB\" \/>\n<meta property=\"og:type\" content=\"article\" \/>\n<meta property=\"og:title\" content=\"Presse\" \/>\n<meta property=\"og:description\" content=\"Organis\u00e9 par l\u2019association Motocultor Fest Prod du 13 au 16 Ao\u00fbt 2026 - Carhaix (29) - 4 jours - 4 Sc\u00e8nes, plus de 110 groupes de m\u00e9tal rock\" \/>\n<meta property=\"og:url\" content=\"https:\/\/www.motocultor-festival.com\/en_en\/presse\/\" \/>\n<meta property=\"og:site_name\" content=\"Festival Motocultor\" \/>\n<meta property=\"article:publisher\" content=\"https:\/\/www.facebook.com\/MOTOCULTOR.FESTIVAL.OpenAir\" \/>\n<meta property=\"article:modified_time\" content=\"2026-04-08T14:50:48+00:00\" \/>\n<meta property=\"og:image\" content=\"https:\/\/www.motocultor-festival.com\/wp-content\/uploads\/2022\/01\/MOTOC_MAINLOGO.png\" \/>\n\t<meta property=\"og:image:width\" content=\"315\" \/>\n\t<meta property=\"og:image:height\" content=\"320\" \/>\n\t<meta property=\"og:image:type\" content=\"image\/png\" \/>\n<meta name=\"twitter:card\" content=\"summary_large_image\" \/>\n<meta name=\"twitter:site\" content=\"@MotocultorFest\" \/>\n<meta name=\"twitter:label1\" content=\"Estimated reading time\" \/>\n\t<meta name=\"twitter:data1\" content=\"1 minute\" \/>\n<script type=\"application\/ld+json\" class=\"yoast-schema-graph\">{\"@context\":\"https:\/\/schema.org\",\"@graph\":[{\"@type\":\"WebPage\",\"@id\":\"https:\/\/www.motocultor-festival.com\/presse\/\",\"url\":\"https:\/\/www.motocultor-festival.com\/presse\/\",\"name\":\"Presse - Festival Motocultor\",\"isPartOf\":{\"@id\":\"https:\/\/www.motocultor-festival.com\/#website\"},\"datePublished\":\"2023-10-29T10:36:34+00:00\",\"dateModified\":\"2026-04-08T14:50:48+00:00\",\"description\":\"Organis\u00e9 par l\u2019association Motocultor Fest Prod du 13 au 16 Ao\u00fbt 2026 - Carhaix (29) - 4 jours - 4 Sc\u00e8nes, plus de 110 groupes de m\u00e9tal rock\",\"breadcrumb\":{\"@id\":\"https:\/\/www.motocultor-festival.com\/presse\/#breadcrumb\"},\"inLanguage\":\"en-GB\",\"potentialAction\":[{\"@type\":\"ReadAction\",\"target\":[\"https:\/\/www.motocultor-festival.com\/presse\/\"]}]},{\"@type\":\"BreadcrumbList\",\"@id\":\"https:\/\/www.motocultor-festival.com\/presse\/#breadcrumb\",\"itemListElement\":[{\"@type\":\"ListItem\",\"position\":1,\"name\":\"Accueil\",\"item\":\"https:\/\/www.motocultor-festival.com\/\"},{\"@type\":\"ListItem\",\"position\":2,\"name\":\"Presse\"}]},{\"@type\":\"WebSite\",\"@id\":\"https:\/\/www.motocultor-festival.com\/#website\",\"url\":\"https:\/\/www.motocultor-festival.com\/\",\"name\":\"Motocultor Festival\",\"description\":\"13 - 14 - 15 - 16 ao\u00fbt 2026 | Carhaix 29 BZH - France\",\"publisher\":{\"@id\":\"https:\/\/www.motocultor-festival.com\/#organization\"},\"potentialAction\":[{\"@type\":\"SearchAction\",\"target\":{\"@type\":\"EntryPoint\",\"urlTemplate\":\"https:\/\/www.motocultor-festival.com\/?s={search_term_string}\"},\"query-input\":{\"@type\":\"PropertyValueSpecification\",\"valueRequired\":true,\"valueName\":\"search_term_string\"}}],\"inLanguage\":\"en-GB\"},{\"@type\":\"Organization\",\"@id\":\"https:\/\/www.motocultor-festival.com\/#organization\",\"name\":\"Motocultor Festival\",\"url\":\"https:\/\/www.motocultor-festival.com\/\",\"logo\":{\"@type\":\"ImageObject\",\"inLanguage\":\"en-GB\",\"@id\":\"https:\/\/www.motocultor-festival.com\/#\/schema\/logo\/image\/\",\"url\":\"https:\/\/www.motocultor-festival.com\/wp-content\/uploads\/2022\/01\/MOTOC_MAINLOGO.png\",\"contentUrl\":\"https:\/\/www.motocultor-festival.com\/wp-content\/uploads\/2022\/01\/MOTOC_MAINLOGO.png\",\"width\":315,\"height\":320,\"caption\":\"Motocultor Festival\"},\"image\":{\"@id\":\"https:\/\/www.motocultor-festival.com\/#\/schema\/logo\/image\/\"},\"sameAs\":[\"https:\/\/www.facebook.com\/MOTOCULTOR.FESTIVAL.OpenAir\",\"https:\/\/x.com\/MotocultorFest\",\"https:\/\/www.instagram.com\/motocultorfestival\/\",\"https:\/\/www.youtube.com\/user\/MotocultorFestProd\",\"https:\/\/www.linkedin.com\/company\/motocultor-festival\"]}]}<\/script>\n<!-- \/ Yoast SEO Premium plugin. -->","yoast_head_json":{"title":"Presse - Festival Motocultor","description":"Organis\u00e9 par l\u2019association Motocultor Fest Prod du 13 au 16 Ao\u00fbt 2026 - Carhaix (29) - 4 jours - 4 Sc\u00e8nes, plus de 110 groupes de m\u00e9tal rock","robots":{"index":"index","follow":"follow","max-snippet":"max-snippet:-1","max-image-preview":"max-image-preview:large","max-video-preview":"max-video-preview:-1"},"canonical":"https:\/\/www.motocultor-festival.com\/en_en\/presse\/","og_locale":"en_GB","og_type":"article","og_title":"Presse","og_description":"Organis\u00e9 par l\u2019association Motocultor Fest Prod du 13 au 16 Ao\u00fbt 2026 - Carhaix (29) - 4 jours - 4 Sc\u00e8nes, plus de 110 groupes de m\u00e9tal rock","og_url":"https:\/\/www.motocultor-festival.com\/en_en\/presse\/","og_site_name":"Festival Motocultor","article_publisher":"https:\/\/www.facebook.com\/MOTOCULTOR.FESTIVAL.OpenAir","article_modified_time":"2026-04-08T14:50:48+00:00","og_image":[{"width":315,"height":320,"url":"https:\/\/www.motocultor-festival.com\/wp-content\/uploads\/2022\/01\/MOTOC_MAINLOGO.png","type":"image\/png"}],"twitter_card":"summary_large_image","twitter_site":"@MotocultorFest","twitter_misc":{"Estimated reading time":"1 minute"},"schema":{"@context":"https:\/\/schema.org","@graph":[{"@type":"WebPage","@id":"https:\/\/www.motocultor-festival.com\/presse\/","url":"https:\/\/www.motocultor-festival.com\/presse\/","name":"Presse - Festival Motocultor","isPartOf":{"@id":"https:\/\/www.motocultor-festival.com\/#website"},"datePublished":"2023-10-29T10:36:34+00:00","dateModified":"2026-04-08T14:50:48+00:00","description":"Organis\u00e9 par l\u2019association Motocultor Fest Prod du 13 au 16 Ao\u00fbt 2026 - Carhaix (29) - 4 jours - 4 Sc\u00e8nes, plus de 110 groupes de m\u00e9tal rock","breadcrumb":{"@id":"https:\/\/www.motocultor-festival.com\/presse\/#breadcrumb"},"inLanguage":"en-GB","potentialAction":[{"@type":"ReadAction","target":["https:\/\/www.motocultor-festival.com\/presse\/"]}]},{"@type":"BreadcrumbList","@id":"https:\/\/www.motocultor-festival.com\/presse\/#breadcrumb","itemListElement":[{"@type":"ListItem","position":1,"name":"Accueil","item":"https:\/\/www.motocultor-festival.com\/"},{"@type":"ListItem","position":2,"name":"Presse"}]},{"@type":"WebSite","@id":"https:\/\/www.motocultor-festival.com\/#website","url":"https:\/\/www.motocultor-festival.com\/","name":"Motorcultor Festival","description":"13 - 14 - 15 - 16 ao\u00fbt 2026 | Carhaix 29 BZH - France","publisher":{"@id":"https:\/\/www.motocultor-festival.com\/#organization"},"potentialAction":[{"@type":"SearchAction","target":{"@type":"EntryPoint","urlTemplate":"https:\/\/www.motocultor-festival.com\/?s={search_term_string}"},"query-input":{"@type":"PropertyValueSpecification","valueRequired":true,"valueName":"search_term_string"}}],"inLanguage":"en-GB"},{"@type":"Organization","@id":"https:\/\/www.motocultor-festival.com\/#organization","name":"Motorcultor Festival","url":"https:\/\/www.motocultor-festival.com\/","logo":{"@type":"ImageObject","inLanguage":"en-GB","@id":"https:\/\/www.motocultor-festival.com\/#\/schema\/logo\/image\/","url":"https:\/\/www.motocultor-festival.com\/wp-content\/uploads\/2022\/01\/MOTOC_MAINLOGO.png","contentUrl":"https:\/\/www.motocultor-festival.com\/wp-content\/uploads\/2022\/01\/MOTOC_MAINLOGO.png","width":315,"height":320,"caption":"Motocultor Festival"},"image":{"@id":"https:\/\/www.motocultor-festival.com\/#\/schema\/logo\/image\/"},"sameAs":["https:\/\/www.facebook.com\/MOTOCULTOR.FESTIVAL.OpenAir","https:\/\/x.com\/MotocultorFest","https:\/\/www.instagram.com\/motocultorfestival\/","https:\/\/www.youtube.com\/user\/MotocultorFestProd","https:\/\/www.linkedin.com\/company\/motocultor-festival"]}]}},"_links":{"self":[{"href":"https:\/\/www.motocultor-festival.com\/en_en\/wp-json\/wp\/v2\/pages\/20026","targetHints":{"allow":["GET"]}}],"collection":[{"href":"https:\/\/www.motocultor-festival.com\/en_en\/wp-json\/wp\/v2\/pages"}],"about":[{"href":"https:\/\/www.motocultor-festival.com\/en_en\/wp-json\/wp\/v2\/types\/page"}],"author":[{"embeddable":true,"href":"https:\/\/www.motocultor-festival.com\/en_en\/wp-json\/wp\/v2\/users\/1"}],"replies":[{"embeddable":true,"href":"https:\/\/www.motocultor-festival.com\/en_en\/wp-json\/wp\/v2\/comments?post=20026"}],"version-history":[{"count":39,"href":"https:\/\/www.motocultor-festival.com\/en_en\/wp-json\/wp\/v2\/pages\/20026\/revisions"}],"predecessor-version":[{"id":24882,"href":"https:\/\/www.motocultor-festival.com\/en_en\/wp-json\/wp\/v2\/pages\/20026\/revisions\/24882"}],"wp:attachment":[{"href":"https:\/\/www.motocultor-festival.com\/en_en\/wp-json\/wp\/v2\/media?parent=20026"}],"curies":[{"name":"wp","href":"https:\/\/api.w.org\/{rel}","templated":true}]}}