{"id":14677,"date":"2022-07-12T22:39:33","date_gmt":"2022-07-12T20:39:33","guid":{"rendered":"https:\/\/www.motocultor-festival.com\/?page_id=14677"},"modified":"2026-04-08T16:50:00","modified_gmt":"2026-04-08T14:50:00","slug":"politique-de-confidentialite","status":"publish","type":"page","link":"https:\/\/www.motocultor-festival.com\/en_en\/politique-de-confidentialite\/","title":{"rendered":"Privacy"},"content":{"rendered":"<div data-elementor-type=\"wp-page\" data-elementor-id=\"14677\" class=\"elementor elementor-14677\" data-elementor-post-type=\"page\">\n\t\t\t\t\t\t<section class=\"elementor-section elementor-top-section elementor-element elementor-element-41d7fffc elementor-section-boxed elementor-section-height-default elementor-section-height-default\" data-id=\"41d7fffc\" data-element_type=\"section\" data-settings=\"{&quot;background_background&quot;:&quot;classic&quot;}\">\n\t\t\t\t\t\t<div class=\"elementor-container elementor-column-gap-default\">\n\t\t\t\t\t<div class=\"elementor-column elementor-col-100 elementor-top-column elementor-element elementor-element-99e6bd4\" data-id=\"99e6bd4\" data-element_type=\"column\">\n\t\t\t<div class=\"elementor-widget-wrap elementor-element-populated\">\n\t\t\t\t\t\t<div class=\"elementor-element elementor-element-5c84aa2 elementor-widget elementor-widget-spacer\" data-id=\"5c84aa2\" data-element_type=\"widget\" data-widget_type=\"spacer.default\">\n\t\t\t\t<div class=\"elementor-widget-container\">\n\t\t\t\t\t\t\t<div class=\"elementor-spacer\">\n\t\t\t<div class=\"elementor-spacer-inner\"><\/div>\n\t\t<\/div>\n\t\t\t\t\t\t<\/div>\n\t\t\t\t<\/div>\n\t\t\t\t<div class=\"elementor-element elementor-element-31c8d25 aleft elementor-widget elementor-widget-wgl-double-heading\" data-id=\"31c8d25\" data-element_type=\"widget\" data-widget_type=\"wgl-double-heading.default\">\n\t\t\t\t<div class=\"elementor-widget-container\">\n\t\t\t\t\t<div class=\"wgl-double-heading\"><h3 class=\"dblh__title-wrapper\"><span class=\"dblh__title dblh__title-1\">Personal data<\/span><\/h3><\/div>\t\t\t\t<\/div>\n\t\t\t\t<\/div>\n\t\t\t\t<div class=\"elementor-element elementor-element-64d95f6 elementor-widget elementor-widget-text-editor\" data-id=\"64d95f6\" data-element_type=\"widget\" data-widget_type=\"text-editor.default\">\n\t\t\t\t<div class=\"elementor-widget-container\">\n\t\t\t\t\t\t\t\t\t<p>As data controller of the website, we collect the personal data of Internet users in the context of their use of the website:<\/p><ul><li>When an Internet user comes into contact with us through a contact form, the Internet user expressly agrees to his personal data being used to carry out his request and provide him with an answer.<\/li><li>When an Internet user uses the news, event or contact form proposal form, the Internet user expressly agrees that his personal data will be used to carry out his request and provide an answer.<\/li><li>When an Internet user uses the contact form for an event or a contact form, the Internet user expressly agrees that his personal data be used to allow his interlocutor to provide him with an answer.<\/li><li>When an Internet user uses the newsletter registration form, the Internet user expressly agrees that his e-mail address may be used for the distribution of newsletters by the team in charge of the website, with the aim of communicate news, events or alerts. Also note that this email address is transmitted to the Mailjet emailing platform, which was the first to comply with the GDPR.\u00a0<span style=\"color: #000000;\"><a class=\"link-external\" href=\"https:\/\/fr.mailjet.com\/rgpd\/mailjet-conformite-rgpd\/\" target=\"_blank\" rel=\"noopener\" style=\"color: #000000;\">Learn more<\/a><\/span><\/li><\/ul>\t\t\t\t\t\t\t\t<\/div>\n\t\t\t\t<\/div>\n\t\t\t\t<div class=\"elementor-element elementor-element-98adc12 elementor-widget elementor-widget-text-editor\" data-id=\"98adc12\" data-element_type=\"widget\" data-widget_type=\"text-editor.default\">\n\t\t\t\t<div class=\"elementor-widget-container\">\n\t\t\t\t\t\t\t\t\t<p>In addition, we undertake to:<\/p><ul><li>Do not use the personal data of our Internet users for purposes other than those specified above<\/li><li>Not to publish, divulge or transmit the personal data of our Internet users, without their prior and express agreement<\/li><\/ul><p>This privacy policy may be modified at any time, in particular in application of the laws and regulations in force. We invite you to consult it regularly to be kept informed of any changes.<\/p>\t\t\t\t\t\t\t\t<\/div>\n\t\t\t\t<\/div>\n\t\t\t\t<div class=\"elementor-element elementor-element-8f89486 aleft elementor-widget elementor-widget-wgl-double-heading\" data-id=\"8f89486\" data-element_type=\"widget\" data-widget_type=\"wgl-double-heading.default\">\n\t\t\t\t<div class=\"elementor-widget-container\">\n\t\t\t\t\t<div class=\"wgl-double-heading\"><h3 class=\"dblh__title-wrapper\"><span class=\"dblh__title dblh__title-1\">Recovery or deletion<\/span><\/h3><\/div>\t\t\t\t<\/div>\n\t\t\t\t<\/div>\n\t\t\t\t<div class=\"elementor-element elementor-element-3722c26 elementor-widget elementor-widget-text-editor\" data-id=\"3722c26\" data-element_type=\"widget\" data-widget_type=\"text-editor.default\">\n\t\t\t\t<div class=\"elementor-widget-container\">\n\t\t\t\t\t\t\t\t\t<p><span>In accordance with the Data Protection Act, you have the right to access, modify and delete data concerning you. To exercise it, you can use contact us by e-mail or mail to the address of the festival.\u00a0<\/span><\/p>\t\t\t\t\t\t\t\t<\/div>\n\t\t\t\t<\/div>\n\t\t\t\t<div class=\"elementor-element elementor-element-43bbad9 aleft elementor-widget elementor-widget-wgl-double-heading\" data-id=\"43bbad9\" data-element_type=\"widget\" data-widget_type=\"wgl-double-heading.default\">\n\t\t\t\t<div class=\"elementor-widget-container\">\n\t\t\t\t\t<div class=\"wgl-double-heading\"><h3 class=\"dblh__title-wrapper\"><span class=\"dblh__title dblh__title-1\">Visitor statistics<\/span><\/h3><\/div>\t\t\t\t<\/div>\n\t\t\t\t<\/div>\n\t\t\t\t<div class=\"elementor-element elementor-element-aa8b121 elementor-widget elementor-widget-text-editor\" data-id=\"aa8b121\" data-element_type=\"widget\" data-widget_type=\"text-editor.default\">\n\t\t\t\t<div class=\"elementor-widget-container\">\n\t\t\t\t\t\t\t\t\t<p><span style=\"color: #000000;\">By consulting our website, you authorize us to collect information about your browsing, in order to follow the content that interests you.<\/span><\/p>\t\t\t\t\t\t\t\t<\/div>\n\t\t\t\t<\/div>\n\t\t\t\t\t<\/div>\n\t\t<\/div>\n\t\t\t\t\t<\/div>\n\t\t<\/section>\n\t\t\t\t<\/div>","protected":false},"excerpt":{"rendered":"<p>Donnees personnelles En tant que responsable de traitement des donn\u00e9es du site Internet, nous collectons les donn\u00e9es personnelles des internautes dans le cadre de leur utilisation du site Internet : Lorsqu\u2019un internaute entre en contact avec nous par le biais d\u2019un formulaire de contact, l\u2019internaute donne express\u00e9ment son accord pour que ses donn\u00e9es personnelles soient [&hellip;]<\/p>\n","protected":false},"author":1,"featured_media":0,"parent":0,"menu_order":0,"comment_status":"closed","ping_status":"closed","template":"","meta":{"footnotes":""},"class_list":["post-14677","page","type-page","status-publish","hentry"],"yoast_head":"<!-- This site is optimized with the Yoast SEO Premium plugin v20.11 (Yoast SEO v27.0) - https:\/\/yoast.com\/product\/yoast-seo-premium-wordpress\/ -->\n<title>Confidentialite - Festival Motocultor<\/title>\n<meta name=\"description\" content=\"Organis\u00e9 par l\u2019association Motocultor Fest Prod du 13 au 16 Ao\u00fbt 2026 - Carhaix (29) - 4 jours - 4 Sc\u00e8nes, plus de 110 groupes de m\u00e9tal rock\" \/>\n<meta name=\"robots\" content=\"index, follow, max-snippet:-1, max-image-preview:large, max-video-preview:-1\" \/>\n<link rel=\"canonical\" href=\"https:\/\/www.motocultor-festival.com\/en_en\/politique-de-confidentialite\/\" \/>\n<meta property=\"og:locale\" content=\"en_GB\" \/>\n<meta property=\"og:type\" content=\"article\" \/>\n<meta property=\"og:title\" content=\"Confidentialite\" \/>\n<meta property=\"og:description\" content=\"Organis\u00e9 par l\u2019association Motocultor Fest Prod du 13 au 16 Ao\u00fbt 2026 - Carhaix (29) - 4 jours - 4 Sc\u00e8nes, plus de 110 groupes de m\u00e9tal rock\" \/>\n<meta property=\"og:url\" content=\"https:\/\/www.motocultor-festival.com\/en_en\/politique-de-confidentialite\/\" \/>\n<meta property=\"og:site_name\" content=\"Festival Motocultor\" \/>\n<meta property=\"article:publisher\" content=\"https:\/\/www.facebook.com\/MOTOCULTOR.FESTIVAL.OpenAir\" \/>\n<meta property=\"article:modified_time\" content=\"2026-04-08T14:50:00+00:00\" \/>\n<meta property=\"og:image\" content=\"https:\/\/www.motocultor-festival.com\/wp-content\/uploads\/2022\/01\/MOTOC_MAINLOGO.png\" \/>\n\t<meta property=\"og:image:width\" content=\"315\" \/>\n\t<meta property=\"og:image:height\" content=\"320\" \/>\n\t<meta property=\"og:image:type\" content=\"image\/png\" \/>\n<meta name=\"twitter:card\" content=\"summary_large_image\" \/>\n<meta name=\"twitter:site\" content=\"@MotocultorFest\" \/>\n<meta name=\"twitter:label1\" content=\"Estimated reading time\" \/>\n\t<meta name=\"twitter:data1\" content=\"2 minutes\" \/>\n<script type=\"application\/ld+json\" class=\"yoast-schema-graph\">{\"@context\":\"https:\/\/schema.org\",\"@graph\":[{\"@type\":\"WebPage\",\"@id\":\"https:\/\/www.motocultor-festival.com\/politique-de-confidentialite\/\",\"url\":\"https:\/\/www.motocultor-festival.com\/politique-de-confidentialite\/\",\"name\":\"Confidentialite - Festival Motocultor\",\"isPartOf\":{\"@id\":\"https:\/\/www.motocultor-festival.com\/#website\"},\"datePublished\":\"2022-07-12T20:39:33+00:00\",\"dateModified\":\"2026-04-08T14:50:00+00:00\",\"description\":\"Organis\u00e9 par l\u2019association Motocultor Fest Prod du 13 au 16 Ao\u00fbt 2026 - Carhaix (29) - 4 jours - 4 Sc\u00e8nes, plus de 110 groupes de m\u00e9tal rock\",\"breadcrumb\":{\"@id\":\"https:\/\/www.motocultor-festival.com\/politique-de-confidentialite\/#breadcrumb\"},\"inLanguage\":\"en-GB\",\"potentialAction\":[{\"@type\":\"ReadAction\",\"target\":[\"https:\/\/www.motocultor-festival.com\/politique-de-confidentialite\/\"]}]},{\"@type\":\"BreadcrumbList\",\"@id\":\"https:\/\/www.motocultor-festival.com\/politique-de-confidentialite\/#breadcrumb\",\"itemListElement\":[{\"@type\":\"ListItem\",\"position\":1,\"name\":\"Accueil\",\"item\":\"https:\/\/www.motocultor-festival.com\/\"},{\"@type\":\"ListItem\",\"position\":2,\"name\":\"Confidentialite\"}]},{\"@type\":\"WebSite\",\"@id\":\"https:\/\/www.motocultor-festival.com\/#website\",\"url\":\"https:\/\/www.motocultor-festival.com\/\",\"name\":\"Motocultor Festival\",\"description\":\"13 - 14 - 15 - 16 ao\u00fbt 2026 | Carhaix 29 BZH - France\",\"publisher\":{\"@id\":\"https:\/\/www.motocultor-festival.com\/#organization\"},\"potentialAction\":[{\"@type\":\"SearchAction\",\"target\":{\"@type\":\"EntryPoint\",\"urlTemplate\":\"https:\/\/www.motocultor-festival.com\/?s={search_term_string}\"},\"query-input\":{\"@type\":\"PropertyValueSpecification\",\"valueRequired\":true,\"valueName\":\"search_term_string\"}}],\"inLanguage\":\"en-GB\"},{\"@type\":\"Organization\",\"@id\":\"https:\/\/www.motocultor-festival.com\/#organization\",\"name\":\"Motocultor Festival\",\"url\":\"https:\/\/www.motocultor-festival.com\/\",\"logo\":{\"@type\":\"ImageObject\",\"inLanguage\":\"en-GB\",\"@id\":\"https:\/\/www.motocultor-festival.com\/#\/schema\/logo\/image\/\",\"url\":\"https:\/\/www.motocultor-festival.com\/wp-content\/uploads\/2022\/01\/MOTOC_MAINLOGO.png\",\"contentUrl\":\"https:\/\/www.motocultor-festival.com\/wp-content\/uploads\/2022\/01\/MOTOC_MAINLOGO.png\",\"width\":315,\"height\":320,\"caption\":\"Motocultor Festival\"},\"image\":{\"@id\":\"https:\/\/www.motocultor-festival.com\/#\/schema\/logo\/image\/\"},\"sameAs\":[\"https:\/\/www.facebook.com\/MOTOCULTOR.FESTIVAL.OpenAir\",\"https:\/\/x.com\/MotocultorFest\",\"https:\/\/www.instagram.com\/motocultorfestival\/\",\"https:\/\/www.youtube.com\/user\/MotocultorFestProd\",\"https:\/\/www.linkedin.com\/company\/motocultor-festival\"]}]}<\/script>\n<!-- \/ Yoast SEO Premium plugin. -->","yoast_head_json":{"title":"Confidentialite - Festival Motocultor","description":"Organis\u00e9 par l\u2019association Motocultor Fest Prod du 13 au 16 Ao\u00fbt 2026 - Carhaix (29) - 4 jours - 4 Sc\u00e8nes, plus de 110 groupes de m\u00e9tal rock","robots":{"index":"index","follow":"follow","max-snippet":"max-snippet:-1","max-image-preview":"max-image-preview:large","max-video-preview":"max-video-preview:-1"},"canonical":"https:\/\/www.motocultor-festival.com\/en_en\/politique-de-confidentialite\/","og_locale":"en_GB","og_type":"article","og_title":"Confidentialite","og_description":"Organis\u00e9 par l\u2019association Motocultor Fest Prod du 13 au 16 Ao\u00fbt 2026 - Carhaix (29) - 4 jours - 4 Sc\u00e8nes, plus de 110 groupes de m\u00e9tal rock","og_url":"https:\/\/www.motocultor-festival.com\/en_en\/politique-de-confidentialite\/","og_site_name":"Festival Motocultor","article_publisher":"https:\/\/www.facebook.com\/MOTOCULTOR.FESTIVAL.OpenAir","article_modified_time":"2026-04-08T14:50:00+00:00","og_image":[{"width":315,"height":320,"url":"https:\/\/www.motocultor-festival.com\/wp-content\/uploads\/2022\/01\/MOTOC_MAINLOGO.png","type":"image\/png"}],"twitter_card":"summary_large_image","twitter_site":"@MotocultorFest","twitter_misc":{"Estimated reading time":"2 minutes"},"schema":{"@context":"https:\/\/schema.org","@graph":[{"@type":"WebPage","@id":"https:\/\/www.motocultor-festival.com\/politique-de-confidentialite\/","url":"https:\/\/www.motocultor-festival.com\/politique-de-confidentialite\/","name":"Confidentialite - Festival Motocultor","isPartOf":{"@id":"https:\/\/www.motocultor-festival.com\/#website"},"datePublished":"2022-07-12T20:39:33+00:00","dateModified":"2026-04-08T14:50:00+00:00","description":"Organis\u00e9 par l\u2019association Motocultor Fest Prod du 13 au 16 Ao\u00fbt 2026 - Carhaix (29) - 4 jours - 4 Sc\u00e8nes, plus de 110 groupes de m\u00e9tal rock","breadcrumb":{"@id":"https:\/\/www.motocultor-festival.com\/politique-de-confidentialite\/#breadcrumb"},"inLanguage":"en-GB","potentialAction":[{"@type":"ReadAction","target":["https:\/\/www.motocultor-festival.com\/politique-de-confidentialite\/"]}]},{"@type":"BreadcrumbList","@id":"https:\/\/www.motocultor-festival.com\/politique-de-confidentialite\/#breadcrumb","itemListElement":[{"@type":"ListItem","position":1,"name":"Accueil","item":"https:\/\/www.motocultor-festival.com\/"},{"@type":"ListItem","position":2,"name":"Confidentialite"}]},{"@type":"WebSite","@id":"https:\/\/www.motocultor-festival.com\/#website","url":"https:\/\/www.motocultor-festival.com\/","name":"Motorcultor Festival","description":"13 - 14 - 15 - 16 ao\u00fbt 2026 | Carhaix 29 BZH - France","publisher":{"@id":"https:\/\/www.motocultor-festival.com\/#organization"},"potentialAction":[{"@type":"SearchAction","target":{"@type":"EntryPoint","urlTemplate":"https:\/\/www.motocultor-festival.com\/?s={search_term_string}"},"query-input":{"@type":"PropertyValueSpecification","valueRequired":true,"valueName":"search_term_string"}}],"inLanguage":"en-GB"},{"@type":"Organization","@id":"https:\/\/www.motocultor-festival.com\/#organization","name":"Motorcultor Festival","url":"https:\/\/www.motocultor-festival.com\/","logo":{"@type":"ImageObject","inLanguage":"en-GB","@id":"https:\/\/www.motocultor-festival.com\/#\/schema\/logo\/image\/","url":"https:\/\/www.motocultor-festival.com\/wp-content\/uploads\/2022\/01\/MOTOC_MAINLOGO.png","contentUrl":"https:\/\/www.motocultor-festival.com\/wp-content\/uploads\/2022\/01\/MOTOC_MAINLOGO.png","width":315,"height":320,"caption":"Motocultor Festival"},"image":{"@id":"https:\/\/www.motocultor-festival.com\/#\/schema\/logo\/image\/"},"sameAs":["https:\/\/www.facebook.com\/MOTOCULTOR.FESTIVAL.OpenAir","https:\/\/x.com\/MotocultorFest","https:\/\/www.instagram.com\/motocultorfestival\/","https:\/\/www.youtube.com\/user\/MotocultorFestProd","https:\/\/www.linkedin.com\/company\/motocultor-festival"]}]}},"_links":{"self":[{"href":"https:\/\/www.motocultor-festival.com\/en_en\/wp-json\/wp\/v2\/pages\/14677","targetHints":{"allow":["GET"]}}],"collection":[{"href":"https:\/\/www.motocultor-festival.com\/en_en\/wp-json\/wp\/v2\/pages"}],"about":[{"href":"https:\/\/www.motocultor-festival.com\/en_en\/wp-json\/wp\/v2\/types\/page"}],"author":[{"embeddable":true,"href":"https:\/\/www.motocultor-festival.com\/en_en\/wp-json\/wp\/v2\/users\/1"}],"replies":[{"embeddable":true,"href":"https:\/\/www.motocultor-festival.com\/en_en\/wp-json\/wp\/v2\/comments?post=14677"}],"version-history":[{"count":3,"href":"https:\/\/www.motocultor-festival.com\/en_en\/wp-json\/wp\/v2\/pages\/14677\/revisions"}],"predecessor-version":[{"id":22716,"href":"https:\/\/www.motocultor-festival.com\/en_en\/wp-json\/wp\/v2\/pages\/14677\/revisions\/22716"}],"wp:attachment":[{"href":"https:\/\/www.motocultor-festival.com\/en_en\/wp-json\/wp\/v2\/media?parent=14677"}],"curies":[{"name":"wp","href":"https:\/\/api.w.org\/{rel}","templated":true}]}}