{"id":14604,"date":"2022-03-05T19:03:36","date_gmt":"2022-03-05T18:03:36","guid":{"rendered":"https:\/\/vignoc.govic.fr\/?page_id=14604"},"modified":"2026-04-08T16:50:27","modified_gmt":"2026-04-08T14:50:27","slug":"mentions-legales","status":"publish","type":"page","link":"https:\/\/www.motocultor-festival.com\/en_en\/mentions-legales\/","title":{"rendered":"Legal Notice"},"content":{"rendered":"<div data-elementor-type=\"wp-page\" data-elementor-id=\"14604\" class=\"elementor elementor-14604\" data-elementor-post-type=\"page\">\n\t\t\t\t\t\t<section class=\"elementor-section elementor-top-section elementor-element elementor-element-41d7fffc elementor-section-boxed elementor-section-height-default elementor-section-height-default\" data-id=\"41d7fffc\" data-element_type=\"section\" data-settings=\"{&quot;background_background&quot;:&quot;classic&quot;}\">\n\t\t\t\t\t\t<div class=\"elementor-container elementor-column-gap-default\">\n\t\t\t\t\t<div class=\"elementor-column elementor-col-100 elementor-top-column elementor-element elementor-element-99e6bd4\" data-id=\"99e6bd4\" data-element_type=\"column\">\n\t\t\t<div class=\"elementor-widget-wrap elementor-element-populated\">\n\t\t\t\t\t\t<div class=\"elementor-element elementor-element-5c84aa2 elementor-widget elementor-widget-spacer\" data-id=\"5c84aa2\" data-element_type=\"widget\" data-widget_type=\"spacer.default\">\n\t\t\t\t<div class=\"elementor-widget-container\">\n\t\t\t\t\t\t\t<div class=\"elementor-spacer\">\n\t\t\t<div class=\"elementor-spacer-inner\"><\/div>\n\t\t<\/div>\n\t\t\t\t\t\t<\/div>\n\t\t\t\t<\/div>\n\t\t\t\t<div class=\"elementor-element elementor-element-fc6fdac aleft elementor-widget elementor-widget-wgl-double-heading\" data-id=\"fc6fdac\" data-element_type=\"widget\" data-widget_type=\"wgl-double-heading.default\">\n\t\t\t\t<div class=\"elementor-widget-container\">\n\t\t\t\t\t<div class=\"wgl-double-heading\"><h3 class=\"dblh__title-wrapper\"><span class=\"dblh__title dblh__title-1\">Site ownership<\/span><\/h3><\/div>\t\t\t\t<\/div>\n\t\t\t\t<\/div>\n\t\t\t\t<div class=\"elementor-element elementor-element-64d95f6 elementor-widget elementor-widget-text-editor\" data-id=\"64d95f6\" data-element_type=\"widget\" data-widget_type=\"text-editor.default\">\n\t\t\t\t<div class=\"elementor-widget-container\">\n\t\t\t\t\t\t\t\t\t<p>This site is the property of the Motocultor Festival:<\/p><address><strong>Association Motocultor Fest Prod<\/strong><br \/>1, rue des Droits de l&#039;Homme - 56890 Saint-Av\u00e9<br \/><p><span style=\"font-weight: 400;\">N\u00b0 licence 1 d\u00e9livr\u00e9e juin 2023 : PLATESV-D-2023-003502<br \/><\/span><span style=\"font-weight: 400;\">N\u00b0 licences 2 d\u00e9livr\u00e9e Avril 2021 : PLATESV-D-2021-001779<br \/><\/span><span style=\"font-weight: 400;\">N\u00b0 licences 3 d\u00e9livr\u00e9e Avril 2021 : PLATESV-D-2021-001781<br \/><\/span>Code APE 9001Z<br \/>Siret 522 603 893 00010<br \/>Email: contact@motocultor.fr<\/p><\/address>\t\t\t\t\t\t\t\t<\/div>\n\t\t\t\t<\/div>\n\t\t\t\t<div class=\"elementor-element elementor-element-a3303a5 aleft elementor-widget elementor-widget-wgl-double-heading\" data-id=\"a3303a5\" data-element_type=\"widget\" data-widget_type=\"wgl-double-heading.default\">\n\t\t\t\t<div class=\"elementor-widget-container\">\n\t\t\t\t\t<div class=\"wgl-double-heading\"><h3 class=\"dblh__title-wrapper\"><span class=\"dblh__title dblh__title-1\">Editorial responsibility<\/span><\/h3><\/div>\t\t\t\t<\/div>\n\t\t\t\t<\/div>\n\t\t\t\t<div class=\"elementor-element elementor-element-3722c26 elementor-widget elementor-widget-text-editor\" data-id=\"3722c26\" data-element_type=\"widget\" data-widget_type=\"text-editor.default\">\n\t\t\t\t<div class=\"elementor-widget-container\">\n\t\t\t\t\t\t\t\t\tThe director of publication of this site is Mr. LE BARAILLEC YANN in his capacity as president.\t\t\t\t\t\t\t\t<\/div>\n\t\t\t\t<\/div>\n\t\t\t\t<div class=\"elementor-element elementor-element-2a3474a aleft elementor-widget elementor-widget-wgl-double-heading\" data-id=\"2a3474a\" data-element_type=\"widget\" data-widget_type=\"wgl-double-heading.default\">\n\t\t\t\t<div class=\"elementor-widget-container\">\n\t\t\t\t\t<div class=\"wgl-double-heading\"><h3 class=\"dblh__title-wrapper\"><span class=\"dblh__title dblh__title-1\">Accommodation<\/span><\/h3><\/div>\t\t\t\t<\/div>\n\t\t\t\t<\/div>\n\t\t\t\t<div class=\"elementor-element elementor-element-aa8b121 elementor-widget elementor-widget-text-editor\" data-id=\"aa8b121\" data-element_type=\"widget\" data-widget_type=\"text-editor.default\">\n\t\t\t\t<div class=\"elementor-widget-container\">\n\t\t\t\t\t\t\t\t\t<p>This site is hosted by OVH.<br \/><br \/>The www.motocultor-festival.com website was created using eco-design in order to limit the emission of greenhouse gases due to the energy released when visiting this site.<\/p>\t\t\t\t\t\t\t\t<\/div>\n\t\t\t\t<\/div>\n\t\t\t\t<div class=\"elementor-element elementor-element-9758f5b aleft elementor-widget elementor-widget-wgl-double-heading\" data-id=\"9758f5b\" data-element_type=\"widget\" data-widget_type=\"wgl-double-heading.default\">\n\t\t\t\t<div class=\"elementor-widget-container\">\n\t\t\t\t\t<div class=\"wgl-double-heading\"><h3 class=\"dblh__title-wrapper\"><span class=\"dblh__title dblh__title-1\">Intellectual property<\/span><\/h3><\/div>\t\t\t\t<\/div>\n\t\t\t\t<\/div>\n\t\t\t\t<div class=\"elementor-element elementor-element-fcc7c94 elementor-widget elementor-widget-text-editor\" data-id=\"fcc7c94\" data-element_type=\"widget\" data-widget_type=\"text-editor.default\">\n\t\t\t\t<div class=\"elementor-widget-container\">\n\t\t\t\t\t\t\t\t\t<p>This site is the property of the association Motocultor Fest Prod. The reservation of the domain name www.motocultor-festival.com was made in accordance with the provisions of AFNIC.<br \/>This entire site is subject to French and international legislation on copyright and intellectual property.<br \/>All reproduction rights are reserved, including iconographic and photographic representations. Reproduction of all or part of this site on any medium whatsoever is strictly prohibited without the express authorization of Motocultor Fest Prod.<\/p><p>Reproduction of texts on paper is authorized subject to compliance with the following three conditions:<br \/>* free distribution;<br \/>* respect for the integrity of the documents reproduced (no modification or alteration);<br \/>* the clear and legible citation of the source in the following form: \u201cDocument from the website www.motocultor-festival.com \u2013 Motocultor Festival. Reproduction rights are reserved and strictly limited.<\/p>\t\t\t\t\t\t\t\t<\/div>\n\t\t\t\t<\/div>\n\t\t\t\t<div class=\"elementor-element elementor-element-d0c0b3d aleft elementor-widget elementor-widget-wgl-double-heading\" data-id=\"d0c0b3d\" data-element_type=\"widget\" data-widget_type=\"wgl-double-heading.default\">\n\t\t\t\t<div class=\"elementor-widget-container\">\n\t\t\t\t\t<div class=\"wgl-double-heading\"><h3 class=\"dblh__title-wrapper\"><span class=\"dblh__title dblh__title-1\">Personal information<\/span><\/h3><\/div>\t\t\t\t<\/div>\n\t\t\t\t<\/div>\n\t\t\t\t<div class=\"elementor-element elementor-element-1f3213d elementor-widget elementor-widget-text-editor\" data-id=\"1f3213d\" data-element_type=\"widget\" data-widget_type=\"text-editor.default\">\n\t\t\t\t<div class=\"elementor-widget-container\">\n\t\t\t\t\t\t\t\t\t<p>The information we collect is intended to know you better, will in no case be transmitted to third parties.<br \/>In accordance with the \u201cInformatique et Libert\u00e9s\u201d law, you have the right to access, modify, rectify and delete data concerning you. To exercise it, simply send an e-mail to contact@motocultor-festival.com<\/p><p>Email Privacy.<br \/>Regarding any e-mail sent to Motocultor Fest Prod through this site, please note that:<br \/>* the secrecy of correspondence transmitted by the Internet network is not guaranteed<br \/>* e-mails are kept on computer media, at least for the time necessary for the administration to provide an answer or to process your request.<\/p>\t\t\t\t\t\t\t\t<\/div>\n\t\t\t\t<\/div>\n\t\t\t\t<div class=\"elementor-element elementor-element-aabe765 aleft elementor-widget elementor-widget-wgl-double-heading\" data-id=\"aabe765\" data-element_type=\"widget\" data-widget_type=\"wgl-double-heading.default\">\n\t\t\t\t<div class=\"elementor-widget-container\">\n\t\t\t\t\t<div class=\"wgl-double-heading\"><h3 class=\"dblh__title-wrapper\"><span class=\"dblh__title dblh__title-1\">National Commission for IT and Freedoms<\/span><\/h3><\/div>\t\t\t\t<\/div>\n\t\t\t\t<\/div>\n\t\t\t\t<div class=\"elementor-element elementor-element-4f082c1 elementor-widget elementor-widget-text-editor\" data-id=\"4f082c1\" data-element_type=\"widget\" data-widget_type=\"text-editor.default\">\n\t\t\t\t<div class=\"elementor-widget-container\">\n\t\t\t\t\t\t\t\t\tIn accordance with the deliberation of the CNIL n\u00b02006-138 of May 9, 2006 deciding on the exemption from declaration of processing constituted for the purposes of information or external communication (Exemption n\u00b07), this site is exempt from declaration to the CNIL\t\t\t\t\t\t\t\t<\/div>\n\t\t\t\t<\/div>\n\t\t\t\t<div class=\"elementor-element elementor-element-041de9c aleft elementor-widget elementor-widget-wgl-double-heading\" data-id=\"041de9c\" data-element_type=\"widget\" data-widget_type=\"wgl-double-heading.default\">\n\t\t\t\t<div class=\"elementor-widget-container\">\n\t\t\t\t\t<div class=\"wgl-double-heading\"><h3 class=\"dblh__title-wrapper\"><span class=\"dblh__title dblh__title-1\">Privacy Policy<\/span><\/h3><\/div>\t\t\t\t<\/div>\n\t\t\t\t<\/div>\n\t\t\t\t<div class=\"elementor-element elementor-element-3d2e0da elementor-widget elementor-widget-text-editor\" data-id=\"3d2e0da\" data-element_type=\"widget\" data-widget_type=\"text-editor.default\">\n\t\t\t\t<div class=\"elementor-widget-container\">\n\t\t\t\t\t\t\t\t\t<p><span>Nous utilisons des donn\u00e9es anonymes pour am\u00e9liorer votre exp\u00e9rience et identifier les contenus qui vous int\u00e9ressent le plus sur notre site.<\/span><\/p>\t\t\t\t\t\t\t\t<\/div>\n\t\t\t\t<\/div>\n\t\t\t\t\t<\/div>\n\t\t<\/div>\n\t\t\t\t\t<\/div>\n\t\t<\/section>\n\t\t\t\t<\/div>","protected":false},"excerpt":{"rendered":"<p>Propriete du site Le pr\u00e9sent site est la propri\u00e9t\u00e9 du Festival Motocultor : Association Motocultor Fest Prod1, rue des Droits de l\u2019Homme \u2013 56890 Saint-Av\u00e9 N\u00b0 licence 1 d\u00e9livr\u00e9e juin 2023 : PLATESV-D-2023-003502N\u00b0 licences 2 d\u00e9livr\u00e9e Avril 2021 : PLATESV-D-2021-001779N\u00b0 licences 3 d\u00e9livr\u00e9e Avril 2021 : PLATESV-D-2021-001781Code APE 9001ZSiret 522 603 893 00010E-mail : contact@motocultor.fr [&hellip;]<\/p>\n","protected":false},"author":1,"featured_media":0,"parent":0,"menu_order":0,"comment_status":"closed","ping_status":"closed","template":"","meta":{"footnotes":""},"class_list":["post-14604","page","type-page","status-publish","hentry"],"yoast_head":"<!-- This site is optimized with the Yoast SEO Premium plugin v20.11 (Yoast SEO v27.0) - https:\/\/yoast.com\/product\/yoast-seo-premium-wordpress\/ -->\n<title>Mentions L\u00e9gales - Festival Motocultor<\/title>\n<meta name=\"description\" content=\"Organis\u00e9 par l\u2019association Motocultor Fest Prod du 13 au 16 Ao\u00fbt 2026 - Carhaix (29) - 4 jours - 4 Sc\u00e8nes, plus de 110 groupes de m\u00e9tal rock\" \/>\n<meta name=\"robots\" content=\"index, follow, max-snippet:-1, max-image-preview:large, max-video-preview:-1\" \/>\n<link rel=\"canonical\" href=\"https:\/\/www.motocultor-festival.com\/en_en\/mentions-legales\/\" \/>\n<meta property=\"og:locale\" content=\"en_GB\" \/>\n<meta property=\"og:type\" content=\"article\" \/>\n<meta property=\"og:title\" content=\"Mentions L\u00e9gales\" \/>\n<meta property=\"og:description\" content=\"Organis\u00e9 par l\u2019association Motocultor Fest Prod du 13 au 16 Ao\u00fbt 2026 - Carhaix (29) - 4 jours - 4 Sc\u00e8nes, plus de 110 groupes de m\u00e9tal rock\" \/>\n<meta property=\"og:url\" content=\"https:\/\/www.motocultor-festival.com\/en_en\/mentions-legales\/\" \/>\n<meta property=\"og:site_name\" content=\"Festival Motocultor\" \/>\n<meta property=\"article:publisher\" content=\"https:\/\/www.facebook.com\/MOTOCULTOR.FESTIVAL.OpenAir\" \/>\n<meta property=\"article:modified_time\" content=\"2026-04-08T14:50:27+00:00\" \/>\n<meta property=\"og:image\" content=\"https:\/\/www.motocultor-festival.com\/wp-content\/uploads\/2022\/01\/MOTOC_MAINLOGO.png\" \/>\n\t<meta property=\"og:image:width\" content=\"315\" \/>\n\t<meta property=\"og:image:height\" content=\"320\" \/>\n\t<meta property=\"og:image:type\" content=\"image\/png\" \/>\n<meta name=\"twitter:card\" content=\"summary_large_image\" \/>\n<meta name=\"twitter:site\" content=\"@MotocultorFest\" \/>\n<meta name=\"twitter:label1\" content=\"Estimated reading time\" \/>\n\t<meta name=\"twitter:data1\" content=\"3 minutes\" \/>\n<script type=\"application\/ld+json\" class=\"yoast-schema-graph\">{\"@context\":\"https:\/\/schema.org\",\"@graph\":[{\"@type\":\"WebPage\",\"@id\":\"https:\/\/www.motocultor-festival.com\/mentions-legales\/\",\"url\":\"https:\/\/www.motocultor-festival.com\/mentions-legales\/\",\"name\":\"Mentions L\u00e9gales - Festival Motocultor\",\"isPartOf\":{\"@id\":\"https:\/\/www.motocultor-festival.com\/#website\"},\"datePublished\":\"2022-03-05T18:03:36+00:00\",\"dateModified\":\"2026-04-08T14:50:27+00:00\",\"description\":\"Organis\u00e9 par l\u2019association Motocultor Fest Prod du 13 au 16 Ao\u00fbt 2026 - Carhaix (29) - 4 jours - 4 Sc\u00e8nes, plus de 110 groupes de m\u00e9tal rock\",\"breadcrumb\":{\"@id\":\"https:\/\/www.motocultor-festival.com\/mentions-legales\/#breadcrumb\"},\"inLanguage\":\"en-GB\",\"potentialAction\":[{\"@type\":\"ReadAction\",\"target\":[\"https:\/\/www.motocultor-festival.com\/mentions-legales\/\"]}]},{\"@type\":\"BreadcrumbList\",\"@id\":\"https:\/\/www.motocultor-festival.com\/mentions-legales\/#breadcrumb\",\"itemListElement\":[{\"@type\":\"ListItem\",\"position\":1,\"name\":\"Accueil\",\"item\":\"https:\/\/www.motocultor-festival.com\/\"},{\"@type\":\"ListItem\",\"position\":2,\"name\":\"Mentions L\u00e9gales\"}]},{\"@type\":\"WebSite\",\"@id\":\"https:\/\/www.motocultor-festival.com\/#website\",\"url\":\"https:\/\/www.motocultor-festival.com\/\",\"name\":\"Motocultor Festival\",\"description\":\"13 - 14 - 15 - 16 ao\u00fbt 2026 | Carhaix 29 BZH - France\",\"publisher\":{\"@id\":\"https:\/\/www.motocultor-festival.com\/#organization\"},\"potentialAction\":[{\"@type\":\"SearchAction\",\"target\":{\"@type\":\"EntryPoint\",\"urlTemplate\":\"https:\/\/www.motocultor-festival.com\/?s={search_term_string}\"},\"query-input\":{\"@type\":\"PropertyValueSpecification\",\"valueRequired\":true,\"valueName\":\"search_term_string\"}}],\"inLanguage\":\"en-GB\"},{\"@type\":\"Organization\",\"@id\":\"https:\/\/www.motocultor-festival.com\/#organization\",\"name\":\"Motocultor Festival\",\"url\":\"https:\/\/www.motocultor-festival.com\/\",\"logo\":{\"@type\":\"ImageObject\",\"inLanguage\":\"en-GB\",\"@id\":\"https:\/\/www.motocultor-festival.com\/#\/schema\/logo\/image\/\",\"url\":\"https:\/\/www.motocultor-festival.com\/wp-content\/uploads\/2022\/01\/MOTOC_MAINLOGO.png\",\"contentUrl\":\"https:\/\/www.motocultor-festival.com\/wp-content\/uploads\/2022\/01\/MOTOC_MAINLOGO.png\",\"width\":315,\"height\":320,\"caption\":\"Motocultor Festival\"},\"image\":{\"@id\":\"https:\/\/www.motocultor-festival.com\/#\/schema\/logo\/image\/\"},\"sameAs\":[\"https:\/\/www.facebook.com\/MOTOCULTOR.FESTIVAL.OpenAir\",\"https:\/\/x.com\/MotocultorFest\",\"https:\/\/www.instagram.com\/motocultorfestival\/\",\"https:\/\/www.youtube.com\/user\/MotocultorFestProd\",\"https:\/\/www.linkedin.com\/company\/motocultor-festival\"]}]}<\/script>\n<!-- \/ Yoast SEO Premium plugin. -->","yoast_head_json":{"title":"Mentions L\u00e9gales - Festival Motocultor","description":"Organis\u00e9 par l\u2019association Motocultor Fest Prod du 13 au 16 Ao\u00fbt 2026 - Carhaix (29) - 4 jours - 4 Sc\u00e8nes, plus de 110 groupes de m\u00e9tal rock","robots":{"index":"index","follow":"follow","max-snippet":"max-snippet:-1","max-image-preview":"max-image-preview:large","max-video-preview":"max-video-preview:-1"},"canonical":"https:\/\/www.motocultor-festival.com\/en_en\/mentions-legales\/","og_locale":"en_GB","og_type":"article","og_title":"Mentions L\u00e9gales","og_description":"Organis\u00e9 par l\u2019association Motocultor Fest Prod du 13 au 16 Ao\u00fbt 2026 - Carhaix (29) - 4 jours - 4 Sc\u00e8nes, plus de 110 groupes de m\u00e9tal rock","og_url":"https:\/\/www.motocultor-festival.com\/en_en\/mentions-legales\/","og_site_name":"Festival Motocultor","article_publisher":"https:\/\/www.facebook.com\/MOTOCULTOR.FESTIVAL.OpenAir","article_modified_time":"2026-04-08T14:50:27+00:00","og_image":[{"width":315,"height":320,"url":"https:\/\/www.motocultor-festival.com\/wp-content\/uploads\/2022\/01\/MOTOC_MAINLOGO.png","type":"image\/png"}],"twitter_card":"summary_large_image","twitter_site":"@MotocultorFest","twitter_misc":{"Estimated reading time":"3 minutes"},"schema":{"@context":"https:\/\/schema.org","@graph":[{"@type":"WebPage","@id":"https:\/\/www.motocultor-festival.com\/mentions-legales\/","url":"https:\/\/www.motocultor-festival.com\/mentions-legales\/","name":"Mentions L\u00e9gales - Festival Motocultor","isPartOf":{"@id":"https:\/\/www.motocultor-festival.com\/#website"},"datePublished":"2022-03-05T18:03:36+00:00","dateModified":"2026-04-08T14:50:27+00:00","description":"Organis\u00e9 par l\u2019association Motocultor Fest Prod du 13 au 16 Ao\u00fbt 2026 - Carhaix (29) - 4 jours - 4 Sc\u00e8nes, plus de 110 groupes de m\u00e9tal rock","breadcrumb":{"@id":"https:\/\/www.motocultor-festival.com\/mentions-legales\/#breadcrumb"},"inLanguage":"en-GB","potentialAction":[{"@type":"ReadAction","target":["https:\/\/www.motocultor-festival.com\/mentions-legales\/"]}]},{"@type":"BreadcrumbList","@id":"https:\/\/www.motocultor-festival.com\/mentions-legales\/#breadcrumb","itemListElement":[{"@type":"ListItem","position":1,"name":"Accueil","item":"https:\/\/www.motocultor-festival.com\/"},{"@type":"ListItem","position":2,"name":"Mentions L\u00e9gales"}]},{"@type":"WebSite","@id":"https:\/\/www.motocultor-festival.com\/#website","url":"https:\/\/www.motocultor-festival.com\/","name":"Motorcultor Festival","description":"13 - 14 - 15 - 16 ao\u00fbt 2026 | Carhaix 29 BZH - France","publisher":{"@id":"https:\/\/www.motocultor-festival.com\/#organization"},"potentialAction":[{"@type":"SearchAction","target":{"@type":"EntryPoint","urlTemplate":"https:\/\/www.motocultor-festival.com\/?s={search_term_string}"},"query-input":{"@type":"PropertyValueSpecification","valueRequired":true,"valueName":"search_term_string"}}],"inLanguage":"en-GB"},{"@type":"Organization","@id":"https:\/\/www.motocultor-festival.com\/#organization","name":"Motorcultor Festival","url":"https:\/\/www.motocultor-festival.com\/","logo":{"@type":"ImageObject","inLanguage":"en-GB","@id":"https:\/\/www.motocultor-festival.com\/#\/schema\/logo\/image\/","url":"https:\/\/www.motocultor-festival.com\/wp-content\/uploads\/2022\/01\/MOTOC_MAINLOGO.png","contentUrl":"https:\/\/www.motocultor-festival.com\/wp-content\/uploads\/2022\/01\/MOTOC_MAINLOGO.png","width":315,"height":320,"caption":"Motocultor Festival"},"image":{"@id":"https:\/\/www.motocultor-festival.com\/#\/schema\/logo\/image\/"},"sameAs":["https:\/\/www.facebook.com\/MOTOCULTOR.FESTIVAL.OpenAir","https:\/\/x.com\/MotocultorFest","https:\/\/www.instagram.com\/motocultorfestival\/","https:\/\/www.youtube.com\/user\/MotocultorFestProd","https:\/\/www.linkedin.com\/company\/motocultor-festival"]}]}},"_links":{"self":[{"href":"https:\/\/www.motocultor-festival.com\/en_en\/wp-json\/wp\/v2\/pages\/14604","targetHints":{"allow":["GET"]}}],"collection":[{"href":"https:\/\/www.motocultor-festival.com\/en_en\/wp-json\/wp\/v2\/pages"}],"about":[{"href":"https:\/\/www.motocultor-festival.com\/en_en\/wp-json\/wp\/v2\/types\/page"}],"author":[{"embeddable":true,"href":"https:\/\/www.motocultor-festival.com\/en_en\/wp-json\/wp\/v2\/users\/1"}],"replies":[{"embeddable":true,"href":"https:\/\/www.motocultor-festival.com\/en_en\/wp-json\/wp\/v2\/comments?post=14604"}],"version-history":[{"count":6,"href":"https:\/\/www.motocultor-festival.com\/en_en\/wp-json\/wp\/v2\/pages\/14604\/revisions"}],"predecessor-version":[{"id":22697,"href":"https:\/\/www.motocultor-festival.com\/en_en\/wp-json\/wp\/v2\/pages\/14604\/revisions\/22697"}],"wp:attachment":[{"href":"https:\/\/www.motocultor-festival.com\/en_en\/wp-json\/wp\/v2\/media?parent=14604"}],"curies":[{"name":"wp","href":"https:\/\/api.w.org\/{rel}","templated":true}]}}